{"id":2474,"date":"2020-12-29T20:33:40","date_gmt":"2020-12-29T20:33:40","guid":{"rendered":"https:\/\/hotelartemisia.com\/improviser\/samuser-en-famille\/"},"modified":"2021-01-04T21:40:05","modified_gmt":"2021-01-04T21:40:05","slug":"samuser-en-famille","status":"publish","type":"page","link":"https:\/\/hotelartemisia.com\/fr\/improviser\/samuser-en-famille\/","title":{"rendered":"S&#8217;amuser en famille"},"content":{"rendered":"[et_pb_section fb_built=&#8221;1&#8243; _builder_version=&#8221;4.3.2&#8243; background_color=&#8221;#f5f5f5&#8243; custom_padding=&#8221;||90px||false|false&#8221; locked=&#8221;off&#8221;][et_pb_row _builder_version=&#8221;4.3.2&#8243; max_width=&#8221;600px&#8221;][et_pb_column type=&#8221;4_4&#8243; _builder_version=&#8221;4.3.2&#8243;][et_pb_text _builder_version=&#8221;4.3.2&#8243; text_orientation=&#8221;center&#8221; custom_margin=&#8221;||10px||false|false&#8221;]\n<h1>S&#8217;amuser en famille<\/h1>\n[\/et_pb_text][et_pb_divider color=&#8221;#20213c&#8221; divider_position=&#8221;center&#8221; _builder_version=&#8221;4.3.2&#8243; width=&#8221;30px&#8221; module_alignment=&#8221;center&#8221; locked=&#8221;off&#8221;][\/et_pb_divider][\/et_pb_column][\/et_pb_row][\/et_pb_section][et_pb_section fb_built=&#8221;1&#8243; _builder_version=&#8221;4.3.2&#8243; background_color=&#8221;rgba(255,255,255,0)&#8221; custom_padding=&#8221;0px||0px||true|false&#8221; locked=&#8221;off&#8221;][et_pb_row _builder_version=&#8221;4.3.2&#8243; background_color=&#8221;#ffffff&#8221; z_index=&#8221;2&#8243; custom_margin=&#8221;-80px||||false|false&#8221; custom_padding=&#8221;0px||0px||true|false&#8221; locked=&#8221;off&#8221;][et_pb_column type=&#8221;4_4&#8243; _builder_version=&#8221;4.2.2&#8243;][et_pb_image src=&#8221;https:\/\/hotelartemisia.com\/wp-content\/uploads\/2020\/09\/improvisa-1.jpg&#8221; force_fullwidth=&#8221;on&#8221; _builder_version=&#8221;4.3.2&#8243; box_shadow_style=&#8221;preset3&#8243; box_shadow_vertical=&#8221;40px&#8221; box_shadow_blur=&#8221;56px&#8221; box_shadow_spread=&#8221;-25px&#8221; box_shadow_color=&#8221;rgba(0,0,0,0.45)&#8221;][\/et_pb_image][\/et_pb_column][\/et_pb_row][\/et_pb_section][et_pb_section fb_built=&#8221;1&#8243; _builder_version=&#8221;4.3.2&#8243;][et_pb_row column_structure=&#8221;1_2,1_2&#8243; _builder_version=&#8221;4.3.2&#8243;][et_pb_column type=&#8221;1_2&#8243; _builder_version=&#8221;4.3.2&#8243;][et_pb_button button_url=&#8221;@ET-DC@eyJkeW5hbWljIjp0cnVlLCJjb250ZW50IjoicG9zdF9saW5rX3VybF9wYWdlIiwic2V0dGluZ3MiOnsicG9zdF9pZCI6IjExIn19@&#8221; button_text=&#8221;Voir toutes les activit\u00e9s&#8221; _builder_version=&#8221;4.7.7&#8243; _dynamic_attributes=&#8221;button_url&#8221; custom_button=&#8221;on&#8221; button_icon=&#8221;%%179%%&#8221; button_icon_placement=&#8221;left&#8221; button_on_hover=&#8221;off&#8221;][\/et_pb_button][et_pb_text _builder_version=&#8221;4.3.2&#8243;]\n<p>Possibilit\u00e9 de choisir entre 5 itin\u00e9raires avec guide priv\u00e9.<\/p>\n<p>ECOTOURISME DANS L\u2019EAU : D\u00e9couvrez le Parc Naturel Albufera des Grau en Kayak \u2013 4 heures.<\/p>\n<p>ECOTOURISME A CHEVAL: Faites une partie du chemin des douaniers jusqu\u2019\u00e0 la Vall \u00e0 dos de cheval. Option \u00e9tude du planisph\u00e8re sur la plage \u00e0 la nuit tomb\u00e9e.<\/p>\n<p>MINORQUE PREHISTORIQUE: Visitez Mahon et d\u00e9couvrez ses monuments pr\u00e9historiques spectaculaires.<\/p>\n<p>PHARES DE MINORQUE: D\u00e9couvrez la c\u00f4te Nord, le phare et la plage de Caballeria.<\/p>\n<p>VISITE D\u2019UNE FINCA MINORQUINE ET DES GROTTES DU LITTORAL: Apprenez d\u2019o\u00f9 viennent les fromages de l\u2019\u00eele et d\u00e9gustez les sur nos impresionnantes falaises, vue \u00e0 tomber.<\/p>\n[\/et_pb_text][et_pb_text _builder_version=&#8221;4.3.2&#8243; text_font=&#8221;|700|||||||&#8221; text_text_color=&#8221;#ba9c4a&#8221;]Consultez nos Prix en remplissant notre formulaire.[\/et_pb_text][\/et_pb_column][et_pb_column type=&#8221;1_2&#8243; _builder_version=&#8221;4.3.2&#8243;][et_pb_contact_form captcha=&#8221;off&#8221; email=&#8221;reservas@hotelartemisia.com&#8221; title=&#8221;Voir les options&#8221; custom_message=&#8221;Nombre: %%Name%%||et_pb_line_break_holder||Email: %%Email%%||et_pb_line_break_holder||Tel\u00e9fono: %%Telephone%%||et_pb_line_break_holder||Mensaje: %%Message%%&#8221; module_id=&#8221;et_pb_contact_form_0&#8243; _builder_version=&#8221;4.7.7&#8243; form_field_background_color=&#8221;rgba(255,255,255,0)&#8221; form_field_custom_padding=&#8221;|0px||0px|false|true&#8221; title_level=&#8221;h4&#8243; background_enable_color=&#8221;off&#8221; custom_padding=&#8221;||||false|false&#8221; hover_enabled=&#8221;0&#8243; border_width_bottom=&#8221;1px&#8221; border_color_bottom=&#8221;rgba(51,51,51,0.3)&#8221; locked=&#8221;off&#8221; sticky_enabled=&#8221;0&#8243;][et_pb_contact_field field_id=&#8221;Name&#8221; field_title=&#8221;Nom&#8221; fullwidth_field=&#8221;on&#8221; _builder_version=&#8221;4.3.2&#8243; button_text_size__hover_enabled=&#8221;off&#8221; button_one_text_size__hover_enabled=&#8221;off&#8221; button_two_text_size__hover_enabled=&#8221;off&#8221; button_text_color__hover_enabled=&#8221;off&#8221; button_one_text_color__hover_enabled=&#8221;off&#8221; button_two_text_color__hover_enabled=&#8221;off&#8221; button_border_width__hover_enabled=&#8221;off&#8221; button_one_border_width__hover_enabled=&#8221;off&#8221; button_two_border_width__hover_enabled=&#8221;off&#8221; button_border_color__hover_enabled=&#8221;off&#8221; button_one_border_color__hover_enabled=&#8221;off&#8221; button_two_border_color__hover_enabled=&#8221;off&#8221; button_border_radius__hover_enabled=&#8221;off&#8221; button_one_border_radius__hover_enabled=&#8221;off&#8221; button_two_border_radius__hover_enabled=&#8221;off&#8221; button_letter_spacing__hover_enabled=&#8221;off&#8221; button_one_letter_spacing__hover_enabled=&#8221;off&#8221; button_two_letter_spacing__hover_enabled=&#8221;off&#8221; button_bg_color__hover_enabled=&#8221;off&#8221; button_one_bg_color__hover_enabled=&#8221;off&#8221; button_two_bg_color__hover_enabled=&#8221;off&#8221;][\/et_pb_contact_field][et_pb_contact_field field_id=&#8221;Email&#8221; field_title=&#8221;Email&#8221; field_type=&#8221;email&#8221; fullwidth_field=&#8221;on&#8221; _builder_version=&#8221;4.3.2&#8243; button_text_size__hover_enabled=&#8221;off&#8221; button_one_text_size__hover_enabled=&#8221;off&#8221; button_two_text_size__hover_enabled=&#8221;off&#8221; button_text_color__hover_enabled=&#8221;off&#8221; button_one_text_color__hover_enabled=&#8221;off&#8221; button_two_text_color__hover_enabled=&#8221;off&#8221; button_border_width__hover_enabled=&#8221;off&#8221; button_one_border_width__hover_enabled=&#8221;off&#8221; button_two_border_width__hover_enabled=&#8221;off&#8221; button_border_color__hover_enabled=&#8221;off&#8221; button_one_border_color__hover_enabled=&#8221;off&#8221; button_two_border_color__hover_enabled=&#8221;off&#8221; button_border_radius__hover_enabled=&#8221;off&#8221; button_one_border_radius__hover_enabled=&#8221;off&#8221; button_two_border_radius__hover_enabled=&#8221;off&#8221; button_letter_spacing__hover_enabled=&#8221;off&#8221; button_one_letter_spacing__hover_enabled=&#8221;off&#8221; button_two_letter_spacing__hover_enabled=&#8221;off&#8221; button_bg_color__hover_enabled=&#8221;off&#8221; button_one_bg_color__hover_enabled=&#8221;off&#8221; button_two_bg_color__hover_enabled=&#8221;off&#8221;][\/et_pb_contact_field][et_pb_contact_field field_id=&#8221;Telephone&#8221; field_title=&#8221;T\u00e9l\u00e9phone&#8221; allowed_symbols=&#8221;numbers&#8221; required_mark=&#8221;off&#8221; fullwidth_field=&#8221;on&#8221; _builder_version=&#8221;4.3.2&#8243;][\/et_pb_contact_field][et_pb_contact_field field_id=&#8221;Message&#8221; field_title=&#8221;Message&#8221; field_type=&#8221;text&#8221; fullwidth_field=&#8221;on&#8221; _builder_version=&#8221;4.3.2&#8243; custom_margin=&#8221;||50px||false|false&#8221; button_text_size__hover_enabled=&#8221;off&#8221; button_one_text_size__hover_enabled=&#8221;off&#8221; button_two_text_size__hover_enabled=&#8221;off&#8221; button_text_color__hover_enabled=&#8221;off&#8221; button_one_text_color__hover_enabled=&#8221;off&#8221; button_two_text_color__hover_enabled=&#8221;off&#8221; button_border_width__hover_enabled=&#8221;off&#8221; button_one_border_width__hover_enabled=&#8221;off&#8221; button_two_border_width__hover_enabled=&#8221;off&#8221; button_border_color__hover_enabled=&#8221;off&#8221; button_one_border_color__hover_enabled=&#8221;off&#8221; button_two_border_color__hover_enabled=&#8221;off&#8221; button_border_radius__hover_enabled=&#8221;off&#8221; button_one_border_radius__hover_enabled=&#8221;off&#8221; button_two_border_radius__hover_enabled=&#8221;off&#8221; button_letter_spacing__hover_enabled=&#8221;off&#8221; button_one_letter_spacing__hover_enabled=&#8221;off&#8221; button_two_letter_spacing__hover_enabled=&#8221;off&#8221; button_bg_color__hover_enabled=&#8221;off&#8221; button_one_bg_color__hover_enabled=&#8221;off&#8221; button_two_bg_color__hover_enabled=&#8221;off&#8221;][\/et_pb_contact_field][et_pb_contact_field field_id=&#8221;Protection&#8221; field_title=&#8221;Protection de donn\u00e9es&#8221; field_type=&#8221;checkbox&#8221; checkbox_options=&#8221;%91{%22value%22:%22J&#8217;ai lu et j&#8217;accepte la loi sur la protection des donn\u00e9es%22,%22checked%22:0,%22dragID%22:-1}%93&#8243; fullwidth_field=&#8221;on&#8221; _builder_version=&#8221;4.3.2&#8243; custom_margin=&#8221;||50px||false|false&#8221; border_width_all=&#8221;1px&#8221; border_color_all=&#8221;rgba(51,51,51,0.39)&#8221;][\/et_pb_contact_field][\/et_pb_contact_form][\/et_pb_column][\/et_pb_row][\/et_pb_section]\n","protected":false},"excerpt":{"rendered":"<p>S&#8217;amuser en famillePossibilit\u00e9 de choisir entre 5 itin\u00e9raires avec guide priv\u00e9. ECOTOURISME DANS L\u2019EAU : D\u00e9couvrez le Parc Naturel Albufera des Grau en Kayak \u2013 4 heures. ECOTOURISME A CHEVAL: Faites une partie du chemin des douaniers jusqu\u2019\u00e0 la Vall \u00e0 dos de cheval. Option \u00e9tude du planisph\u00e8re sur la plage \u00e0 la nuit tomb\u00e9e. [&hellip;]<\/p>\n","protected":false},"author":1,"featured_media":0,"parent":2435,"menu_order":0,"comment_status":"closed","ping_status":"closed","template":"","meta":{"_et_pb_use_builder":"on","_et_pb_old_content":"","_et_gb_content_width":"","footnotes":""},"_links":{"self":[{"href":"https:\/\/hotelartemisia.com\/fr\/wp-json\/wp\/v2\/pages\/2474"}],"collection":[{"href":"https:\/\/hotelartemisia.com\/fr\/wp-json\/wp\/v2\/pages"}],"about":[{"href":"https:\/\/hotelartemisia.com\/fr\/wp-json\/wp\/v2\/types\/page"}],"author":[{"embeddable":true,"href":"https:\/\/hotelartemisia.com\/fr\/wp-json\/wp\/v2\/users\/1"}],"replies":[{"embeddable":true,"href":"https:\/\/hotelartemisia.com\/fr\/wp-json\/wp\/v2\/comments?post=2474"}],"version-history":[{"count":0,"href":"https:\/\/hotelartemisia.com\/fr\/wp-json\/wp\/v2\/pages\/2474\/revisions"}],"up":[{"embeddable":true,"href":"https:\/\/hotelartemisia.com\/fr\/wp-json\/wp\/v2\/pages\/2435"}],"wp:attachment":[{"href":"https:\/\/hotelartemisia.com\/fr\/wp-json\/wp\/v2\/media?parent=2474"}],"curies":[{"name":"wp","href":"https:\/\/api.w.org\/{rel}","templated":true}]}}