{"id":2442,"date":"2020-12-29T20:18:17","date_gmt":"2020-12-29T20:18:17","guid":{"rendered":"https:\/\/hotelartemisia.com\/chambres\/double-chambre\/"},"modified":"2021-04-27T11:21:27","modified_gmt":"2021-04-27T11:21:27","slug":"double-chambre","status":"publish","type":"page","link":"https:\/\/hotelartemisia.com\/fr\/chambres\/double-chambre\/","title":{"rendered":"Chambre double"},"content":{"rendered":"[et_pb_section fb_built=&#8221;1&#8243; fullwidth=&#8221;on&#8221; _builder_version=&#8221;4.3.2&#8243; animation_style=&#8221;fade&#8221; locked=&#8221;off&#8221;][et_pb_fullwidth_header title=&#8221;Nos Chambres&#8221; text_orientation=&#8221;center&#8221; background_overlay_color=&#8221;rgba(0,0,0,0.25)&#8221; module_class=&#8221;title-section&#8221; _builder_version=&#8221;4.7.7&#8243; background_image=&#8221;https:\/\/hotelartemisia.com\/wp-content\/uploads\/2020\/12\/habitacion-doble-header.jpg&#8221; custom_margin=&#8221;||||false|false&#8221; custom_padding=&#8221;150px||150px||false|false&#8221; border_color_all=&#8221;#ffffff&#8221; border_width_all_image=&#8221;10px&#8221; border_color_all_image=&#8221;rgba(255,255,255,0.2)&#8221;][\/et_pb_fullwidth_header][\/et_pb_section][et_pb_section fb_built=&#8221;1&#8243; _builder_version=&#8221;4.3.2&#8243; background_color=&#8221;rgba(255,255,255,0)&#8221; custom_padding=&#8221;0px||||false|false&#8221;][et_pb_row custom_padding_last_edited=&#8221;on|phone&#8221; module_class=&#8221;room-intro&#8221; _builder_version=&#8221;4.3.2&#8243; background_color=&#8221;#ffffff&#8221; z_index=&#8221;2&#8243; max_width=&#8221;800px&#8221; custom_margin=&#8221;-40px||||false|false&#8221; custom_margin_tablet=&#8221;&#8221; custom_margin_phone=&#8221;50px||||false|false&#8221; custom_margin_last_edited=&#8221;on|desktop&#8221; custom_padding=&#8221;90px|90px||90px|false|true&#8221; custom_padding_tablet=&#8221;&#8221; custom_padding_phone=&#8221;0px|0px||0px|false|true&#8221; animation_style=&#8221;slide&#8221; animation_direction=&#8221;bottom&#8221; animation_intensity_slide=&#8221;3%&#8221; box_shadow_style=&#8221;preset3&#8243; box_shadow_vertical=&#8221;-40px&#8221; box_shadow_blur=&#8221;56px&#8221; box_shadow_spread=&#8221;-25px&#8221; box_shadow_color=&#8221;rgba(0,0,0,0.25)&#8221; box_shadow_color_tablet=&#8221;&#8221; box_shadow_color_phone=&#8221;rgba(0,0,0,0)&#8221; box_shadow_color_last_edited=&#8221;on|phone&#8221; locked=&#8221;off&#8221;][et_pb_column type=&#8221;4_4&#8243; _builder_version=&#8221;4.3.2&#8243;][et_pb_text module_class=&#8221;title-separator&#8221; _builder_version=&#8221;4.3.2&#8243; text_orientation=&#8221;center&#8221;]\n<h4>Chambre double<\/h4>\n[\/et_pb_text][et_pb_divider color=&#8221;#20213c&#8221; divider_position=&#8221;center&#8221; _builder_version=&#8221;4.3.2&#8243; width=&#8221;30px&#8221; module_alignment=&#8221;center&#8221;][\/et_pb_divider][et_pb_text _builder_version=&#8221;4.3.2&#8243; text_orientation=&#8221;center&#8221; module_alignment=&#8221;center&#8221;]Cette option vous permettra d\u2019avoir plus d\u2019espace et de lumi\u00e8re avec de grandes fen\u00eatres ayant vue sur les maisons typiques du quartier de la vieille ville. Toutes d\u00e9cor\u00e9es dans un style intemporel et \u00e9l\u00e9gant, elles sont \u00e9quip\u00e9es d\u2019un lit double super confortable (160*200) ou (180*200) et certaines peuvent \u00eatre converties en twin. Facilement accesibles via notre ascenseur, elles sont situ\u00e9es au 1er et 2\u00e8me \u00e9tage de l\u2019h\u00f4tel.[\/et_pb_text][\/et_pb_column][\/et_pb_row][\/et_pb_section][et_pb_section fb_built=&#8221;1&#8243; _builder_version=&#8221;4.3.2&#8243; custom_padding=&#8221;0px||0px||false|false&#8221;][et_pb_row _builder_version=&#8221;4.3.2&#8243; custom_padding=&#8221;0px||0px||false|false&#8221;][et_pb_column type=&#8221;4_4&#8243; _builder_version=&#8221;4.3.2&#8243;][et_pb_button button_url=&#8221;https:\/\/www.secure-hotel-booking.com\/Hotel-Artemisia\/JJRI\/es?hotelId=24012&#8243; url_new_window=&#8221;on&#8221; button_text=&#8221;R\u00e9servez cette chambre&#8221; button_alignment=&#8221;center&#8221; module_class=&#8221;room-book-button&#8221; _builder_version=&#8221;4.7.7&#8243; custom_button=&#8221;on&#8221; button_text_color=&#8221;#ffffff&#8221; button_bg_color=&#8221;#ba9c4a&#8221; button_border_color=&#8221;#ba9c4a&#8221;][\/et_pb_button][\/et_pb_column][\/et_pb_row][\/et_pb_section][et_pb_section fb_built=&#8221;1&#8243; _builder_version=&#8221;4.3.2&#8243; background_enable_color=&#8221;off&#8221; use_background_color_gradient=&#8221;on&#8221; background_color_gradient_start=&#8221;#f5f5f5&#8243; background_color_gradient_end=&#8221;rgba(245,245,245,0)&#8221; background_color_gradient_start_position=&#8221;95%&#8221; background_color_gradient_end_position=&#8221;95%&#8221; custom_padding=&#8221;10px||0px||false|false&#8221;][et_pb_row _builder_version=&#8221;4.3.2&#8243; custom_padding=&#8221;||0px||false|false&#8221;][et_pb_column type=&#8221;4_4&#8243; _builder_version=&#8221;4.3.2&#8243;][et_pb_gallery gallery_ids=&#8221;2045,2039,2030,2036,2033,2042&#8243; fullwidth=&#8221;on&#8221; module_class=&#8221;slider-room&#8221; _builder_version=&#8221;4.9.4&#8243; background_layout=&#8221;dark&#8221; height=&#8221;700px&#8221; auto=&#8221;on&#8221; auto_speed=&#8221;2000&#8243; box_shadow_style=&#8221;preset3&#8243; box_shadow_vertical=&#8221;40px&#8221; box_shadow_blur=&#8221;56px&#8221; box_shadow_spread=&#8221;-25px&#8221; box_shadow_color=&#8221;rgba(0,0,0,0.45)&#8221; global_module=&#8221;3141&#8243;][\/et_pb_gallery][\/et_pb_column][\/et_pb_row][\/et_pb_section][et_pb_section fb_built=&#8221;1&#8243; _builder_version=&#8221;4.3.2&#8243; custom_padding=&#8221;||||false|false&#8221;][et_pb_row column_structure=&#8221;1_3,1_3,1_3&#8243; _builder_version=&#8221;4.3.2&#8243;][et_pb_column type=&#8221;1_3&#8243; _builder_version=&#8221;4.3.2&#8243;][et_pb_blurb use_icon=&#8221;on&#8221; font_icon=&#8221;%%49%%&#8221; icon_placement=&#8221;left&#8221; use_icon_font_size=&#8221;on&#8221; icon_font_size=&#8221;22px&#8221; _builder_version=&#8221;4.3.2&#8243; header_level=&#8221;h6&#8243; custom_margin=&#8221;||15px||false|false&#8221; locked=&#8221;off&#8221;]\n<p>Natural lumi\u00e8re<\/p>\n[\/et_pb_blurb][et_pb_blurb use_icon=&#8221;on&#8221; font_icon=&#8221;%%49%%&#8221; icon_placement=&#8221;left&#8221; use_icon_font_size=&#8221;on&#8221; icon_font_size=&#8221;22px&#8221; _builder_version=&#8221;4.3.2&#8243; header_level=&#8221;h6&#8243; custom_margin=&#8221;||15px||false|false&#8221;]\n<p>Chambre pour 2<\/p>\n[\/et_pb_blurb][et_pb_blurb use_icon=&#8221;on&#8221; font_icon=&#8221;%%49%%&#8221; icon_placement=&#8221;left&#8221; use_icon_font_size=&#8221;on&#8221; icon_font_size=&#8221;22px&#8221; _builder_version=&#8221;4.3.2&#8243; header_level=&#8221;h6&#8243; custom_margin=&#8221;||15px||false|false&#8221;]\n<p>Chambre non fumeur<\/p>\n[\/et_pb_blurb][et_pb_blurb use_icon=&#8221;on&#8221; font_icon=&#8221;%%49%%&#8221; icon_placement=&#8221;left&#8221; use_icon_font_size=&#8221;on&#8221; icon_font_size=&#8221;22px&#8221; _builder_version=&#8221;4.3.2&#8243; header_level=&#8221;h6&#8243; custom_margin=&#8221;||15px||false|false&#8221;]\n<p>Acc\u00e8s WIFI gratuit<\/p>\n[\/et_pb_blurb][et_pb_blurb use_icon=&#8221;on&#8221; font_icon=&#8221;%%49%%&#8221; icon_placement=&#8221;left&#8221; use_icon_font_size=&#8221;on&#8221; icon_font_size=&#8221;22px&#8221; _builder_version=&#8221;4.3.2&#8243; header_level=&#8221;h6&#8243; custom_margin=&#8221;||15px||false|false&#8221;]\n<p>Smart TV Led 28&#8243; ou\u00a032&#8243;\u00a0<\/p>\n[\/et_pb_blurb][et_pb_blurb use_icon=&#8221;on&#8221; font_icon=&#8221;%%49%%&#8221; icon_placement=&#8221;left&#8221; use_icon_font_size=&#8221;on&#8221; icon_font_size=&#8221;22px&#8221; _builder_version=&#8221;4.3.2&#8243; header_level=&#8221;h6&#8243; custom_margin=&#8221;||15px||false|false&#8221;]\n<p>Coffre fort gratuit<\/p>\n[\/et_pb_blurb][et_pb_blurb use_icon=&#8221;on&#8221; font_icon=&#8221;%%49%%&#8221; icon_placement=&#8221;left&#8221; use_icon_font_size=&#8221;on&#8221; icon_font_size=&#8221;22px&#8221; _builder_version=&#8221;4.3.2&#8243; header_level=&#8221;h6&#8243; custom_margin=&#8221;||15px||false|false&#8221;]\n<p>Armoire<\/p>\n[\/et_pb_blurb][\/et_pb_column][et_pb_column type=&#8221;1_3&#8243; _builder_version=&#8221;4.3.2&#8243;][et_pb_blurb use_icon=&#8221;on&#8221; font_icon=&#8221;%%49%%&#8221; icon_placement=&#8221;left&#8221; use_icon_font_size=&#8221;on&#8221; icon_font_size=&#8221;22px&#8221; _builder_version=&#8221;4.3.2&#8243; header_level=&#8221;h6&#8243; custom_margin=&#8221;||15px||false|false&#8221;]\n<p>Chauffage\/Air Conditionn\u00e9<\/p>\n[\/et_pb_blurb][et_pb_blurb use_icon=&#8221;on&#8221; font_icon=&#8221;%%49%%&#8221; icon_placement=&#8221;left&#8221; use_icon_font_size=&#8221;on&#8221; icon_font_size=&#8221;22px&#8221; _builder_version=&#8221;4.3.2&#8243; header_level=&#8221;h6&#8243; custom_margin=&#8221;||15px||false|false&#8221;]\n<p>Salle de bain avec douche<\/p>\n[\/et_pb_blurb][et_pb_blurb use_icon=&#8221;on&#8221; font_icon=&#8221;%%49%%&#8221; icon_placement=&#8221;left&#8221; use_icon_font_size=&#8221;on&#8221; icon_font_size=&#8221;22px&#8221; _builder_version=&#8221;4.3.2&#8243; header_level=&#8221;h6&#8243; custom_margin=&#8221;||15px||false|false&#8221;]\n<p>Biodegradable Chaussons<\/p>\n[\/et_pb_blurb][et_pb_blurb use_icon=&#8221;on&#8221; font_icon=&#8221;%%49%%&#8221; icon_placement=&#8221;left&#8221; use_icon_font_size=&#8221;on&#8221; icon_font_size=&#8221;22px&#8221; _builder_version=&#8221;4.3.2&#8243; header_level=&#8221;h6&#8243; custom_margin=&#8221;||15px||false|false&#8221;]\n<p>S\u00e8che-cheveux, miroir grossissant<\/p>\n[\/et_pb_blurb][et_pb_blurb use_icon=&#8221;on&#8221; font_icon=&#8221;%%49%%&#8221; icon_placement=&#8221;left&#8221; use_icon_font_size=&#8221;on&#8221; icon_font_size=&#8221;22px&#8221; _builder_version=&#8221;4.3.2&#8243; header_level=&#8221;h6&#8243; custom_margin=&#8221;||15px||false|false&#8221;]\n<p>Amenities Rituals<\/p>\n[\/et_pb_blurb][et_pb_blurb use_icon=&#8221;on&#8221; font_icon=&#8221;%%49%%&#8221; icon_placement=&#8221;left&#8221; use_icon_font_size=&#8221;on&#8221; icon_font_size=&#8221;22px&#8221; _builder_version=&#8221;4.3.2&#8243; header_level=&#8221;h6&#8243; custom_margin=&#8221;||15px||false|false&#8221;]\n<p>T\u00e9l\u00e9phone<\/p>\n[\/et_pb_blurb][et_pb_blurb use_icon=&#8221;on&#8221; font_icon=&#8221;%%49%%&#8221; icon_placement=&#8221;left&#8221; use_icon_font_size=&#8221;on&#8221; icon_font_size=&#8221;22px&#8221; _builder_version=&#8221;4.3.2&#8243; header_level=&#8221;h6&#8243; custom_margin=&#8221;||15px||false|false&#8221;]\n<p>Matelas anti-acariens<\/p>\n[\/et_pb_blurb][\/et_pb_column][et_pb_column type=&#8221;1_3&#8243; _builder_version=&#8221;4.3.2&#8243;][et_pb_blurb title=&#8221;22 m2&#8243; use_icon=&#8221;on&#8221; font_icon=&#8221;%%15%%&#8221; use_circle=&#8221;on&#8221; circle_color=&#8221;rgba(186,156,74,0)&#8221; use_circle_border=&#8221;on&#8221; icon_placement=&#8221;left&#8221; use_icon_font_size=&#8221;on&#8221; icon_font_size=&#8221;16px&#8221; _builder_version=&#8221;4.7.7&#8243; header_level=&#8221;h2&#8243;][\/et_pb_blurb][\/et_pb_column][\/et_pb_row][\/et_pb_section]\n","protected":false},"excerpt":{"rendered":"<p>Chambre doubleCette option vous permettra d\u2019avoir plus d\u2019espace et de lumi\u00e8re avec de grandes fen\u00eatres ayant vue sur les maisons typiques du quartier de la vieille ville. Toutes d\u00e9cor\u00e9es dans un style intemporel et \u00e9l\u00e9gant, elles sont \u00e9quip\u00e9es d\u2019un lit double super confortable (160*200) ou (180*200) et certaines peuvent \u00eatre converties en twin. Facilement accesibles [&hellip;]<\/p>\n","protected":false},"author":1,"featured_media":0,"parent":2432,"menu_order":0,"comment_status":"closed","ping_status":"closed","template":"","meta":{"_et_pb_use_builder":"on","_et_pb_old_content":"","_et_gb_content_width":"","footnotes":""},"_links":{"self":[{"href":"https:\/\/hotelartemisia.com\/fr\/wp-json\/wp\/v2\/pages\/2442"}],"collection":[{"href":"https:\/\/hotelartemisia.com\/fr\/wp-json\/wp\/v2\/pages"}],"about":[{"href":"https:\/\/hotelartemisia.com\/fr\/wp-json\/wp\/v2\/types\/page"}],"author":[{"embeddable":true,"href":"https:\/\/hotelartemisia.com\/fr\/wp-json\/wp\/v2\/users\/1"}],"replies":[{"embeddable":true,"href":"https:\/\/hotelartemisia.com\/fr\/wp-json\/wp\/v2\/comments?post=2442"}],"version-history":[{"count":0,"href":"https:\/\/hotelartemisia.com\/fr\/wp-json\/wp\/v2\/pages\/2442\/revisions"}],"up":[{"embeddable":true,"href":"https:\/\/hotelartemisia.com\/fr\/wp-json\/wp\/v2\/pages\/2432"}],"wp:attachment":[{"href":"https:\/\/hotelartemisia.com\/fr\/wp-json\/wp\/v2\/media?parent=2442"}],"curies":[{"name":"wp","href":"https:\/\/api.w.org\/{rel}","templated":true}]}}