{"id":2438,"date":"2020-12-29T19:35:07","date_gmt":"2020-12-29T19:35:07","guid":{"rendered":"https:\/\/hotelartemisia.com\/a-ta-facon\/"},"modified":"2021-01-13T13:06:10","modified_gmt":"2021-01-13T13:06:10","slug":"a-ta-facon","status":"publish","type":"page","link":"https:\/\/hotelartemisia.com\/fr\/a-ta-facon\/","title":{"rendered":"\u00c9v\u00e9nements"},"content":{"rendered":"[et_pb_section fb_built=&#8221;1&#8243; fullwidth=&#8221;on&#8221; _builder_version=&#8221;4.3.2&#8243; animation_style=&#8221;fade&#8221; locked=&#8221;off&#8221;][et_pb_fullwidth_header title=&#8221;\u00c9v\u00e9nements&#8221; text_orientation=&#8221;center&#8221; background_overlay_color=&#8221;rgba(0,0,0,0.25)&#8221; content_max_width=&#8221;66%&#8221; module_class=&#8221;title-section&#8221; _builder_version=&#8221;4.3.2&#8243; background_image=&#8221;https:\/\/hotelartemisia.com\/wp-content\/uploads\/2020\/12\/on-your-way-header.jpg&#8221; custom_margin=&#8221;||||false|false&#8221; custom_padding=&#8221;150px||150px||false|false&#8221; border_width_all_image=&#8221;10px&#8221; border_color_all_image=&#8221;rgba(255,255,255,0.2)&#8221;][\/et_pb_fullwidth_header][\/et_pb_section][et_pb_section fb_built=&#8221;1&#8243; _builder_version=&#8221;4.3.2&#8243; background_color=&#8221;rgba(255,255,255,0)&#8221; custom_padding=&#8221;0px||||false|false&#8221; locked=&#8221;off&#8221;][et_pb_row custom_padding_last_edited=&#8221;on|phone&#8221; _builder_version=&#8221;4.3.2&#8243; background_color=&#8221;#ffffff&#8221; z_index=&#8221;2&#8243; max_width=&#8221;800px&#8221; custom_margin=&#8221;-40px||||false|false&#8221; custom_margin_tablet=&#8221;&#8221; custom_margin_phone=&#8221;50px||||false|false&#8221; custom_margin_last_edited=&#8221;on|desktop&#8221; custom_padding=&#8221;90px|90px||90px|false|true&#8221; custom_padding_tablet=&#8221;&#8221; custom_padding_phone=&#8221;0px|0px||0px|false|true&#8221; animation_style=&#8221;slide&#8221; animation_direction=&#8221;bottom&#8221; animation_intensity_slide=&#8221;3%&#8221; box_shadow_style=&#8221;preset3&#8243; box_shadow_vertical=&#8221;-40px&#8221; box_shadow_blur=&#8221;56px&#8221; box_shadow_spread=&#8221;-25px&#8221; box_shadow_color=&#8221;rgba(0,0,0,0.25)&#8221; box_shadow_color_tablet=&#8221;&#8221; box_shadow_color_phone=&#8221;rgba(0,0,0,0)&#8221; box_shadow_color_last_edited=&#8221;on|phone&#8221; locked=&#8221;off&#8221;][et_pb_column type=&#8221;4_4&#8243; _builder_version=&#8221;4.2.2&#8243;][et_pb_text _builder_version=&#8221;4.3.2&#8243; text_font=&#8221;||||||||&#8221; text_font_size=&#8221;20px&#8221; text_line_height=&#8221;1.39em&#8221; text_orientation=&#8221;center&#8221; module_alignment=&#8221;center&#8221;]Privatisation de l\u2019h\u00f4tel pour vos r\u00e9unions familiales ou s\u00e9minaires d\u2019entreprise.[\/et_pb_text][et_pb_divider color=&#8221;#20213c&#8221; divider_position=&#8221;center&#8221; _builder_version=&#8221;4.3.2&#8243; width=&#8221;30px&#8221; module_alignment=&#8221;center&#8221; locked=&#8221;off&#8221;][\/et_pb_divider][et_pb_text _builder_version=&#8221;4.7.7&#8243; text_orientation=&#8221;center&#8221; hover_enabled=&#8221;0&#8243; sticky_enabled=&#8221;0&#8243;]\n<p>Pour vos r\u00e9unions de famille, ou n\u2019importe quel \u00e9v\u00e8nement sp\u00e9cial, profitez de l\u2019h\u00f4tel dans sa totalit\u00e9 afin de vous sentir comme \u00e0 la maison.<\/p>\n<p>Nous pouvons vous organiser un petit concert, des s\u00e9minaires d\u2019entreprise, des stages de yoga ou de flamenco&#8230;<\/p>\n<p>N\u2019h\u00e9sitez pas \u00e0 nous solliciter et nous nous ferons un plaisir de vous proposer une multitude de solutions sur-mesure afin que vous passiez le meilleur moment possible en toute intimit\u00e9.<\/p>\n[\/et_pb_text][et_pb_text _builder_version=&#8221;4.3.2&#8243; text_font=&#8221;|700|||||||&#8221; text_text_color=&#8221;#ba9c4a&#8221; text_orientation=&#8221;center&#8221; link_option_url=&#8221;#form&#8221;]Remplissez notre formulaire pour une \u00e9tude de prix.[\/et_pb_text][\/et_pb_column][\/et_pb_row][\/et_pb_section][et_pb_section fb_built=&#8221;1&#8243; _builder_version=&#8221;4.3.2&#8243; background_color=&#8221;rgba(255,255,255,0)&#8221; use_background_color_gradient=&#8221;on&#8221; background_color_gradient_start=&#8221;#ffffff&#8221; background_color_gradient_end=&#8221;#f5f5f5&#8243; background_color_gradient_start_position=&#8221;80px&#8221; background_color_gradient_end_position=&#8221;80px&#8221; custom_padding=&#8221;0px||||false|false&#8221; locked=&#8221;off&#8221;][et_pb_row _builder_version=&#8221;4.3.2&#8243; background_enable_color=&#8221;off&#8221; z_index=&#8221;2&#8243; custom_margin=&#8221;-40px||||false|false&#8221; custom_padding=&#8221;0px||||false|false&#8221; locked=&#8221;off&#8221;][et_pb_column type=&#8221;4_4&#8243; _builder_version=&#8221;4.2.2&#8243;][et_pb_gallery gallery_ids=&#8221;219,218,220,221,222,1875,1881,1887,1890,1884,1878,1869,1872&#8243; fullwidth=&#8221;on&#8221; _builder_version=&#8221;4.3.2&#8243; background_layout=&#8221;dark&#8221; auto=&#8221;on&#8221; auto_speed=&#8221;2000&#8243;][\/et_pb_gallery][\/et_pb_column][\/et_pb_row][\/et_pb_section][et_pb_section fb_built=&#8221;1&#8243; module_id=&#8221;form&#8221; _builder_version=&#8221;4.3.2&#8243; locked=&#8221;off&#8221;][et_pb_row _builder_version=&#8221;4.3.2&#8243;][et_pb_column type=&#8221;4_4&#8243; _builder_version=&#8221;4.3.2&#8243;][et_pb_contact_form captcha=&#8221;off&#8221; email=&#8221;reservas@hotelartemisia.com&#8221; title=&#8221; Consulter ou r\u00e9server %22\u00c9v\u00e9nements%22&#8243; custom_message=&#8221;Nombre: %%Name%%||et_pb_line_break_holder||Email: %%Email%%||et_pb_line_break_holder||Tel\u00e9fono: %%Telephone%%||et_pb_line_break_holder||Mensaje: %%Message%%&#8221; _builder_version=&#8221;4.7.7&#8243; form_field_background_color=&#8221;rgba(255,255,255,0)&#8221; form_field_custom_padding=&#8221;|0px||0px|false|true&#8221; title_level=&#8221;h4&#8243; background_enable_color=&#8221;off&#8221; custom_padding=&#8221;||||false|false&#8221; border_width_bottom=&#8221;1px&#8221; border_color_bottom=&#8221;rgba(51,51,51,0.3)&#8221;][et_pb_contact_field field_id=&#8221;Name&#8221; field_title=&#8221;Nom&#8221; fullwidth_field=&#8221;on&#8221; _builder_version=&#8221;4.3.2&#8243; button_text_size__hover_enabled=&#8221;off&#8221; button_one_text_size__hover_enabled=&#8221;off&#8221; button_two_text_size__hover_enabled=&#8221;off&#8221; button_text_color__hover_enabled=&#8221;off&#8221; button_one_text_color__hover_enabled=&#8221;off&#8221; button_two_text_color__hover_enabled=&#8221;off&#8221; button_border_width__hover_enabled=&#8221;off&#8221; button_one_border_width__hover_enabled=&#8221;off&#8221; button_two_border_width__hover_enabled=&#8221;off&#8221; button_border_color__hover_enabled=&#8221;off&#8221; button_one_border_color__hover_enabled=&#8221;off&#8221; button_two_border_color__hover_enabled=&#8221;off&#8221; button_border_radius__hover_enabled=&#8221;off&#8221; button_one_border_radius__hover_enabled=&#8221;off&#8221; button_two_border_radius__hover_enabled=&#8221;off&#8221; button_letter_spacing__hover_enabled=&#8221;off&#8221; button_one_letter_spacing__hover_enabled=&#8221;off&#8221; button_two_letter_spacing__hover_enabled=&#8221;off&#8221; button_bg_color__hover_enabled=&#8221;off&#8221; button_one_bg_color__hover_enabled=&#8221;off&#8221; button_two_bg_color__hover_enabled=&#8221;off&#8221;][\/et_pb_contact_field][et_pb_contact_field field_id=&#8221;Email&#8221; field_title=&#8221;Email&#8221; field_type=&#8221;email&#8221; fullwidth_field=&#8221;on&#8221; _builder_version=&#8221;4.3.2&#8243; button_text_size__hover_enabled=&#8221;off&#8221; button_one_text_size__hover_enabled=&#8221;off&#8221; button_two_text_size__hover_enabled=&#8221;off&#8221; button_text_color__hover_enabled=&#8221;off&#8221; button_one_text_color__hover_enabled=&#8221;off&#8221; button_two_text_color__hover_enabled=&#8221;off&#8221; button_border_width__hover_enabled=&#8221;off&#8221; button_one_border_width__hover_enabled=&#8221;off&#8221; button_two_border_width__hover_enabled=&#8221;off&#8221; button_border_color__hover_enabled=&#8221;off&#8221; button_one_border_color__hover_enabled=&#8221;off&#8221; button_two_border_color__hover_enabled=&#8221;off&#8221; button_border_radius__hover_enabled=&#8221;off&#8221; button_one_border_radius__hover_enabled=&#8221;off&#8221; button_two_border_radius__hover_enabled=&#8221;off&#8221; button_letter_spacing__hover_enabled=&#8221;off&#8221; button_one_letter_spacing__hover_enabled=&#8221;off&#8221; button_two_letter_spacing__hover_enabled=&#8221;off&#8221; button_bg_color__hover_enabled=&#8221;off&#8221; button_one_bg_color__hover_enabled=&#8221;off&#8221; button_two_bg_color__hover_enabled=&#8221;off&#8221;][\/et_pb_contact_field][et_pb_contact_field field_id=&#8221;Telephone&#8221; field_title=&#8221;T\u00e9l\u00e9phone&#8221; allowed_symbols=&#8221;numbers&#8221; required_mark=&#8221;off&#8221; fullwidth_field=&#8221;on&#8221; _builder_version=&#8221;4.3.2&#8243;][\/et_pb_contact_field][et_pb_contact_field field_id=&#8221;Message&#8221; field_title=&#8221;Message&#8221; field_type=&#8221;text&#8221; fullwidth_field=&#8221;on&#8221; _builder_version=&#8221;4.3.2&#8243; custom_margin=&#8221;||50px||false|false&#8221; button_text_size__hover_enabled=&#8221;off&#8221; button_one_text_size__hover_enabled=&#8221;off&#8221; button_two_text_size__hover_enabled=&#8221;off&#8221; button_text_color__hover_enabled=&#8221;off&#8221; button_one_text_color__hover_enabled=&#8221;off&#8221; button_two_text_color__hover_enabled=&#8221;off&#8221; button_border_width__hover_enabled=&#8221;off&#8221; button_one_border_width__hover_enabled=&#8221;off&#8221; button_two_border_width__hover_enabled=&#8221;off&#8221; button_border_color__hover_enabled=&#8221;off&#8221; button_one_border_color__hover_enabled=&#8221;off&#8221; button_two_border_color__hover_enabled=&#8221;off&#8221; button_border_radius__hover_enabled=&#8221;off&#8221; button_one_border_radius__hover_enabled=&#8221;off&#8221; button_two_border_radius__hover_enabled=&#8221;off&#8221; button_letter_spacing__hover_enabled=&#8221;off&#8221; button_one_letter_spacing__hover_enabled=&#8221;off&#8221; button_two_letter_spacing__hover_enabled=&#8221;off&#8221; button_bg_color__hover_enabled=&#8221;off&#8221; button_one_bg_color__hover_enabled=&#8221;off&#8221; button_two_bg_color__hover_enabled=&#8221;off&#8221;][\/et_pb_contact_field][et_pb_contact_field field_id=&#8221;Protection&#8221; field_title=&#8221;Protection de donn\u00e9es&#8221; field_type=&#8221;checkbox&#8221; checkbox_options=&#8221;%91{%22value%22:%22J&#8217;ai lu et j&#8217;accepte la loi sur la protection des donn\u00e9es%22,%22checked%22:0,%22dragID%22:-1}%93&#8243; fullwidth_field=&#8221;on&#8221; _builder_version=&#8221;4.3.2&#8243; custom_margin=&#8221;||50px||false|false&#8221; border_width_all=&#8221;1px&#8221; border_color_all=&#8221;rgba(51,51,51,0.39)&#8221;][\/et_pb_contact_field][\/et_pb_contact_form][\/et_pb_column][\/et_pb_row][\/et_pb_section]\n","protected":false},"excerpt":{"rendered":"<p>Privatisation de l\u2019h\u00f4tel pour vos r\u00e9unions familiales ou s\u00e9minaires d\u2019entreprise.Pour vos r\u00e9unions de famille, ou n\u2019importe quel \u00e9v\u00e8nement sp\u00e9cial, profitez de l\u2019h\u00f4tel dans sa totalit\u00e9 afin de vous sentir comme \u00e0 la maison. Nous pouvons vous organiser un petit concert, des s\u00e9minaires d\u2019entreprise, des stages de yoga ou de flamenco&#8230; N\u2019h\u00e9sitez pas \u00e0 nous solliciter [&hellip;]<\/p>\n","protected":false},"author":1,"featured_media":0,"parent":0,"menu_order":0,"comment_status":"closed","ping_status":"closed","template":"","meta":{"_et_pb_use_builder":"on","_et_pb_old_content":"","_et_gb_content_width":"","footnotes":""},"_links":{"self":[{"href":"https:\/\/hotelartemisia.com\/fr\/wp-json\/wp\/v2\/pages\/2438"}],"collection":[{"href":"https:\/\/hotelartemisia.com\/fr\/wp-json\/wp\/v2\/pages"}],"about":[{"href":"https:\/\/hotelartemisia.com\/fr\/wp-json\/wp\/v2\/types\/page"}],"author":[{"embeddable":true,"href":"https:\/\/hotelartemisia.com\/fr\/wp-json\/wp\/v2\/users\/1"}],"replies":[{"embeddable":true,"href":"https:\/\/hotelartemisia.com\/fr\/wp-json\/wp\/v2\/comments?post=2438"}],"version-history":[{"count":0,"href":"https:\/\/hotelartemisia.com\/fr\/wp-json\/wp\/v2\/pages\/2438\/revisions"}],"wp:attachment":[{"href":"https:\/\/hotelartemisia.com\/fr\/wp-json\/wp\/v2\/media?parent=2438"}],"curies":[{"name":"wp","href":"https:\/\/api.w.org\/{rel}","templated":true}]}}