{"id":2435,"date":"2020-12-29T19:30:35","date_gmt":"2020-12-29T19:30:35","guid":{"rendered":"https:\/\/hotelartemisia.com\/improviser\/"},"modified":"2021-01-07T17:52:17","modified_gmt":"2021-01-07T17:52:17","slug":"improviser","status":"publish","type":"page","link":"https:\/\/hotelartemisia.com\/fr\/improviser\/","title":{"rendered":"Activit\u00e9s"},"content":{"rendered":"[et_pb_section fb_built=&#8221;1&#8243; fullwidth=&#8221;on&#8221; disabled_on=&#8221;on|on|on&#8221; _builder_version=&#8221;4.3.2&#8243; disabled=&#8221;on&#8221; locked=&#8221;off&#8221;][et_pb_fullwidth_header title=&#8221;Activit\u00e9s&#8221; text_orientation=&#8221;center&#8221; content_max_width=&#8221;66%&#8221; _builder_version=&#8221;4.3.2&#8243; background_image=&#8221;https:\/\/hotelartemisia.com\/wp-content\/uploads\/2020\/09\/improvisa-header.jpg&#8221; parallax=&#8221;on&#8221; parallax_method=&#8221;on&#8221; custom_margin=&#8221;||||false|false&#8221; custom_padding=&#8221;150px||150px||false|false&#8221;][\/et_pb_fullwidth_header][\/et_pb_section][et_pb_section fb_built=&#8221;1&#8243; disabled_on=&#8221;off|off|off&#8221; _builder_version=&#8221;4.3.2&#8243; background_color=&#8221;#f5f5f5&#8243; background_enable_image=&#8221;off&#8221; custom_padding=&#8221;||90px||false|false&#8221;][et_pb_row _builder_version=&#8221;4.3.2&#8243; custom_padding=&#8221;||0px||false|false&#8221;][et_pb_column type=&#8221;4_4&#8243; _builder_version=&#8221;4.3.2&#8243;][et_pb_text _builder_version=&#8221;4.3.2&#8243; text_orientation=&#8221;center&#8221; custom_margin=&#8221;||10px||false|false&#8221;]\n<h1>Improviser<\/h1>\n[\/et_pb_text][et_pb_divider color=&#8221;#20213c&#8221; divider_position=&#8221;center&#8221; _builder_version=&#8221;4.3.2&#8243; width=&#8221;30px&#8221; module_alignment=&#8221;center&#8221; locked=&#8221;off&#8221;][\/et_pb_divider][\/et_pb_column][\/et_pb_row][\/et_pb_section][et_pb_section fb_built=&#8221;1&#8243; _builder_version=&#8221;4.3.2&#8243; custom_padding=&#8221;0px||||false|false&#8221;][et_pb_row column_structure=&#8221;1_3,1_3,1_3&#8243; use_custom_gutter=&#8221;on&#8221; gutter_width=&#8221;1&#8243; make_equal=&#8221;on&#8221; module_class=&#8221;improvisa-list-row&#8221; _builder_version=&#8221;4.3.2&#8243; background_enable_color=&#8221;off&#8221; vertical_offset=&#8221;-60px&#8221; max_width=&#8221;1600px&#8221; custom_margin=&#8221;||||false|false&#8221; custom_padding=&#8221;0px|5px|0px|5px|true|true&#8221;][et_pb_column type=&#8221;1_3&#8243; _builder_version=&#8221;4.3.2&#8243; custom_padding=&#8221;5px|5px|5px|5px|true|true&#8221;][et_pb_image src=&#8221;https:\/\/hotelartemisia.com\/wp-content\/uploads\/2020\/09\/improvisa-1.jpg&#8221; url=&#8221;@ET-DC@eyJkeW5hbWljIjp0cnVlLCJjb250ZW50IjoicG9zdF9saW5rX3VybF9wYWdlIiwic2V0dGluZ3MiOnsicG9zdF9pZCI6IjEyMzcifX0=@&#8221; _builder_version=&#8221;4.7.7&#8243; hover_enabled=&#8221;0&#8243; _dynamic_attributes=&#8221;url&#8221; sticky_enabled=&#8221;0&#8243;][\/et_pb_image][et_pb_cta title=&#8221;S&#8217;amuser en famille&#8221; button_text=&#8221;D\u00e9couvrir plus&#8221; _builder_version=&#8221;4.7.7&#8243; background_enable_color=&#8221;off&#8221; custom_button=&#8221;on&#8221; button_border_width=&#8221;0px&#8221; button_border_color=&#8221;rgba(0,0,0,0)&#8221; button_on_hover=&#8221;off&#8221; text_orientation=&#8221;left&#8221; background_layout=&#8221;light&#8221; custom_padding=&#8221;30px|30px|30px|30px|true|true&#8221; hover_enabled=&#8221;0&#8243; _dynamic_attributes=&#8221;button_url&#8221; button_url=&#8221;@ET-DC@eyJkeW5hbWljIjp0cnVlLCJjb250ZW50IjoicG9zdF9saW5rX3VybF9wYWdlIiwic2V0dGluZ3MiOnsicG9zdF9pZCI6IjEyMzcifX0=@&#8221; sticky_enabled=&#8221;0&#8243;]Nous gardons votre montre, votre tablette et votre portable. Profitez de votre temps libre en famille. Nous nous occupons de vous r\u00e9galer avec des friandises pour tous. Laissez-vous porter![\/et_pb_cta][\/et_pb_column][et_pb_column type=&#8221;1_3&#8243; _builder_version=&#8221;4.3.2&#8243; custom_padding=&#8221;5px|5px|5px|5px|true|true&#8221;][et_pb_image src=&#8221;https:\/\/hotelartemisia.com\/wp-content\/uploads\/2020\/09\/improvisa-2.jpg&#8221; url=&#8221;@ET-DC@eyJkeW5hbWljIjp0cnVlLCJjb250ZW50IjoicG9zdF9saW5rX3VybF9wYWdlIiwic2V0dGluZ3MiOnsicG9zdF9pZCI6IjEzOTQifX0=@&#8221; _builder_version=&#8221;4.7.7&#8243; hover_enabled=&#8221;0&#8243; _dynamic_attributes=&#8221;url&#8221; sticky_enabled=&#8221;0&#8243;][\/et_pb_image][et_pb_cta title=&#8221;Bien entre&#8221; button_text=&#8221;D\u00e9couvrir plus&#8221; _builder_version=&#8221;4.7.7&#8243; background_enable_color=&#8221;off&#8221; custom_button=&#8221;on&#8221; button_border_width=&#8221;0px&#8221; button_border_color=&#8221;rgba(0,0,0,0)&#8221; button_on_hover=&#8221;off&#8221; text_orientation=&#8221;left&#8221; background_layout=&#8221;light&#8221; custom_padding=&#8221;30px|30px|30px|30px|true|true&#8221; hover_enabled=&#8221;0&#8243; _dynamic_attributes=&#8221;button_url&#8221; button_url=&#8221;@ET-DC@eyJkeW5hbWljIjp0cnVlLCJjb250ZW50IjoicG9zdF9saW5rX3VybF9wYWdlIiwic2V0dGluZ3MiOnsicG9zdF9pZCI6IjEzOTQifX0=@&#8221; sticky_enabled=&#8221;0&#8243;]Prenez du temps pour vous faire du bien et remettez-vous en forme avec votre partenaire. Profitez des magnifiques couchers de soleil depuis la mer ou sur les falaises impressionnantes de l\u2019\u00eele. Laissez-vous porter\u2026[\/et_pb_cta][\/et_pb_column][et_pb_column type=&#8221;1_3&#8243; _builder_version=&#8221;4.3.2&#8243; custom_padding=&#8221;5px|5px|5px|5px|true|true&#8221;][et_pb_image src=&#8221;https:\/\/hotelartemisia.com\/wp-content\/uploads\/2020\/09\/improvisa-3.jpg&#8221; url=&#8221;@ET-DC@eyJkeW5hbWljIjp0cnVlLCJjb250ZW50IjoicG9zdF9saW5rX3VybF9wYWdlIiwic2V0dGluZ3MiOnsicG9zdF9pZCI6IjEzOTYifX0=@&#8221; _builder_version=&#8221;4.7.7&#8243; hover_enabled=&#8221;0&#8243; _dynamic_attributes=&#8221;url&#8221; sticky_enabled=&#8221;0&#8243;][\/et_pb_image][et_pb_cta title=&#8221;Decouverte&#8221; button_text=&#8221;D\u00e9couvrir plus&#8221; _builder_version=&#8221;4.7.7&#8243; background_enable_color=&#8221;off&#8221; custom_button=&#8221;on&#8221; button_border_width=&#8221;0px&#8221; button_border_color=&#8221;rgba(0,0,0,0)&#8221; button_on_hover=&#8221;off&#8221; text_orientation=&#8221;left&#8221; background_layout=&#8221;light&#8221; custom_padding=&#8221;30px|30px|30px|30px|true|true&#8221; hover_enabled=&#8221;0&#8243; _dynamic_attributes=&#8221;button_url&#8221; button_url=&#8221;@ET-DC@eyJkeW5hbWljIjp0cnVlLCJjb250ZW50IjoicG9zdF9saW5rX3VybF9wYWdlIiwic2V0dGluZ3MiOnsicG9zdF9pZCI6IjEzOTYifX0=@&#8221; sticky_enabled=&#8221;0&#8243;]Decouvrez le chemin des Douanniers en v\u00e9lo, \u00e0 pied ou en Jeep. Vous serez \u00e9bahis par la vari\u00e9t\u00e9 des couleurs et des paysages Menorquins.[\/et_pb_cta][\/et_pb_column][\/et_pb_row][et_pb_row column_structure=&#8221;1_3,1_3,1_3&#8243; use_custom_gutter=&#8221;on&#8221; gutter_width=&#8221;1&#8243; make_equal=&#8221;on&#8221; module_class=&#8221;improvisa-list-row&#8221; _builder_version=&#8221;4.3.2&#8243; vertical_offset=&#8221;-60px&#8221; max_width=&#8221;1600px&#8221; custom_padding=&#8221;0px||||false|false&#8221;][et_pb_column type=&#8221;1_3&#8243; _builder_version=&#8221;4.3.2&#8243; custom_padding=&#8221;5px|5px|5px|5px|true|true&#8221;][et_pb_image src=&#8221;https:\/\/hotelartemisia.com\/wp-content\/uploads\/2020\/09\/improvisa-4.jpg&#8221; url=&#8221;@ET-DC@eyJkeW5hbWljIjp0cnVlLCJjb250ZW50IjoicG9zdF9saW5rX3VybF9wYWdlIiwic2V0dGluZ3MiOnsicG9zdF9pZCI6IjEzOTgifX0=@&#8221; _builder_version=&#8221;4.7.7&#8243; hover_enabled=&#8221;0&#8243; _dynamic_attributes=&#8221;url&#8221; sticky_enabled=&#8221;0&#8243;][\/et_pb_image][et_pb_cta title=&#8221;Nature&#8221; button_text=&#8221;D\u00e9couvrir plus&#8221; _builder_version=&#8221;4.7.7&#8243; background_enable_color=&#8221;off&#8221; custom_button=&#8221;on&#8221; button_border_width=&#8221;0px&#8221; button_border_color=&#8221;rgba(0,0,0,0)&#8221; button_on_hover=&#8221;off&#8221; text_orientation=&#8221;left&#8221; background_layout=&#8221;light&#8221; custom_padding=&#8221;30px|30px|30px|30px|true|true&#8221; hover_enabled=&#8221;0&#8243; _dynamic_attributes=&#8221;button_url&#8221; button_url=&#8221;@ET-DC@eyJkeW5hbWljIjp0cnVlLCJjb250ZW50IjoicG9zdF9saW5rX3VybF9wYWdlIiwic2V0dGluZ3MiOnsicG9zdF9pZCI6IjEzOTgifX0=@&#8221; sticky_enabled=&#8221;0&#8243;]Prenez le temps, faites le vide mental, gu\u00e9rissez votre corps et reconnectez-vous \u00e0 la nature. Faites-vous du bien\u2026[\/et_pb_cta][\/et_pb_column][et_pb_column type=&#8221;1_3&#8243; _builder_version=&#8221;4.3.2&#8243; custom_padding=&#8221;5px|5px|5px|5px|true|true&#8221;][et_pb_image src=&#8221;https:\/\/hotelartemisia.com\/wp-content\/uploads\/2020\/09\/improvisa-5.jpg&#8221; url=&#8221;@ET-DC@eyJkeW5hbWljIjp0cnVlLCJjb250ZW50IjoicG9zdF9saW5rX3VybF9wYWdlIiwic2V0dGluZ3MiOnsicG9zdF9pZCI6IjE0MDAifX0=@&#8221; _builder_version=&#8221;4.7.7&#8243; hover_enabled=&#8221;0&#8243; _dynamic_attributes=&#8221;url&#8221; sticky_enabled=&#8221;0&#8243;][\/et_pb_image][et_pb_cta title=&#8221;La Mer&#8221; button_url=&#8221;@ET-DC@eyJkeW5hbWljIjp0cnVlLCJjb250ZW50IjoicG9zdF9saW5rX3VybF9wYWdlIiwic2V0dGluZ3MiOnsicG9zdF9pZCI6IjE0MDAifX0=@&#8221; button_text=&#8221;D\u00e9couvrir plus&#8221; _builder_version=&#8221;4.7.7&#8243; background_enable_color=&#8221;off&#8221; custom_button=&#8221;on&#8221; button_border_width=&#8221;0px&#8221; button_border_color=&#8221;rgba(0,0,0,0)&#8221; button_on_hover=&#8221;off&#8221; text_orientation=&#8221;left&#8221; background_layout=&#8221;light&#8221; custom_padding=&#8221;30px|30px|30px|30px|true|true&#8221; hover_enabled=&#8221;0&#8243; _dynamic_attributes=&#8221;button_url&#8221; sticky_enabled=&#8221;0&#8243;]Perdez de vue la c\u00f4te et partez \u00e0 la d\u00e9couverte des petites criques prot\u00e9g\u00e9es du littoral. Laissez vous surprendre par les grottes sous-marines de l\u2019\u00eele. Soyez comme un poisson dans l\u2019eau\u2026[\/et_pb_cta][\/et_pb_column][et_pb_column type=&#8221;1_3&#8243; _builder_version=&#8221;4.3.2&#8243; custom_padding=&#8221;5px|5px|5px|5px|true|true&#8221;][et_pb_image src=&#8221;https:\/\/hotelartemisia.com\/wp-content\/uploads\/2020\/09\/improvisa-6.jpg&#8221; url=&#8221;@ET-DC@eyJkeW5hbWljIjp0cnVlLCJjb250ZW50IjoicG9zdF9saW5rX3VybF9wYWdlIiwic2V0dGluZ3MiOnsicG9zdF9pZCI6IjE0MDIifX0=@&#8221; _builder_version=&#8221;4.7.7&#8243; hover_enabled=&#8221;0&#8243; _dynamic_attributes=&#8221;url&#8221; sticky_enabled=&#8221;0&#8243;][\/et_pb_image][et_pb_cta title=&#8221;Passion Equestre&#8221; button_text=&#8221;D\u00e9couvrir plus&#8221; _builder_version=&#8221;4.7.7&#8243; background_enable_color=&#8221;off&#8221; custom_button=&#8221;on&#8221; button_border_width=&#8221;0px&#8221; button_border_color=&#8221;rgba(0,0,0,0)&#8221; button_on_hover=&#8221;off&#8221; text_orientation=&#8221;left&#8221; background_layout=&#8221;light&#8221; custom_padding=&#8221;30px|30px|30px|30px|true|true&#8221; hover_enabled=&#8221;0&#8243; _dynamic_attributes=&#8221;button_url&#8221; button_url=&#8221;@ET-DC@eyJkeW5hbWljIjp0cnVlLCJjb250ZW50IjoicG9zdF9saW5rX3VybF9wYWdlIiwic2V0dGluZ3MiOnsicG9zdF9pZCI6IjE0MDIifX0=@&#8221; sticky_enabled=&#8221;0&#8243;]Amoureux des chevaux, souhaitez-vous percer les secrets de l\u2019\u00e9quitation \u00e0 la Minorquine \u2013 La Doma Menorquina? Ou encore vous promener sur le chemin des Douaniers \u00e0 cheval? Laissez-vous tenter\u2026[\/et_pb_cta][\/et_pb_column][\/et_pb_row][\/et_pb_section]\n","protected":false},"excerpt":{"rendered":"<p>ImproviserNous gardons votre montre, votre tablette et votre portable. Profitez de votre temps libre en famille. Nous nous occupons de vous r\u00e9galer avec des friandises pour tous. Laissez-vous porter!Prenez du temps pour vous faire du bien et remettez-vous en forme avec votre partenaire. Profitez des magnifiques couchers de soleil depuis la mer ou sur les [&hellip;]<\/p>\n","protected":false},"author":1,"featured_media":0,"parent":0,"menu_order":0,"comment_status":"closed","ping_status":"closed","template":"","meta":{"_et_pb_use_builder":"on","_et_pb_old_content":"","_et_gb_content_width":"","footnotes":""},"_links":{"self":[{"href":"https:\/\/hotelartemisia.com\/fr\/wp-json\/wp\/v2\/pages\/2435"}],"collection":[{"href":"https:\/\/hotelartemisia.com\/fr\/wp-json\/wp\/v2\/pages"}],"about":[{"href":"https:\/\/hotelartemisia.com\/fr\/wp-json\/wp\/v2\/types\/page"}],"author":[{"embeddable":true,"href":"https:\/\/hotelartemisia.com\/fr\/wp-json\/wp\/v2\/users\/1"}],"replies":[{"embeddable":true,"href":"https:\/\/hotelartemisia.com\/fr\/wp-json\/wp\/v2\/comments?post=2435"}],"version-history":[{"count":0,"href":"https:\/\/hotelartemisia.com\/fr\/wp-json\/wp\/v2\/pages\/2435\/revisions"}],"wp:attachment":[{"href":"https:\/\/hotelartemisia.com\/fr\/wp-json\/wp\/v2\/media?parent=2435"}],"curies":[{"name":"wp","href":"https:\/\/api.w.org\/{rel}","templated":true}]}}