{"id":2428,"date":"2020-12-29T19:19:46","date_gmt":"2020-12-29T19:19:46","guid":{"rendered":"https:\/\/hotelartemisia.com\/galerie\/"},"modified":"2020-12-29T19:19:47","modified_gmt":"2020-12-29T19:19:47","slug":"galerie","status":"publish","type":"page","link":"https:\/\/hotelartemisia.com\/fr\/galerie\/","title":{"rendered":"Galerie"},"content":{"rendered":"[et_pb_section fb_built=&#8221;1&#8243; fullwidth=&#8221;on&#8221; _builder_version=&#8221;4.3.2&#8243; locked=&#8221;off&#8221;][et_pb_fullwidth_header title=&#8221;Galerie&#8221; text_orientation=&#8221;center&#8221; background_overlay_color=&#8221;rgba(0,0,0,0.25)&#8221; content_max_width=&#8221;66%&#8221; _builder_version=&#8221;4.3.2&#8243; background_image=&#8221;https:\/\/hotelartemisia.com\/wp-content\/uploads\/2020\/12\/gallery-header.jpg&#8221; custom_margin=&#8221;||||false|false&#8221; custom_padding=&#8221;150px||150px||false|false&#8221;][\/et_pb_fullwidth_header][\/et_pb_section][et_pb_section fb_built=&#8221;1&#8243; _builder_version=&#8221;4.3.2&#8243; background_color=&#8221;rgba(255,255,255,0)&#8221; custom_padding=&#8221;0px||||false|false&#8221; locked=&#8221;off&#8221;][et_pb_row custom_padding_last_edited=&#8221;on|phone&#8221; disabled_on=&#8221;on|on|on&#8221; module_class=&#8221;room-intro&#8221; _builder_version=&#8221;4.3.2&#8243; background_color=&#8221;#ffffff&#8221; z_index=&#8221;2&#8243; max_width=&#8221;800px&#8221; custom_margin=&#8221;-40px||||false|false&#8221; custom_margin_tablet=&#8221;&#8221; custom_margin_phone=&#8221;50px||||false|false&#8221; custom_margin_last_edited=&#8221;on|desktop&#8221; custom_padding=&#8221;90px|90px||90px|false|true&#8221; custom_padding_tablet=&#8221;&#8221; custom_padding_phone=&#8221;0px|0px||0px|false|true&#8221; animation_style=&#8221;slide&#8221; animation_direction=&#8221;bottom&#8221; animation_intensity_slide=&#8221;3%&#8221; box_shadow_style=&#8221;preset3&#8243; box_shadow_vertical=&#8221;-40px&#8221; box_shadow_blur=&#8221;56px&#8221; box_shadow_spread=&#8221;-25px&#8221; box_shadow_color=&#8221;rgba(0,0,0,0.25)&#8221; box_shadow_color_tablet=&#8221;&#8221; box_shadow_color_phone=&#8221;rgba(0,0,0,0)&#8221; box_shadow_color_last_edited=&#8221;on|phone&#8221; disabled=&#8221;on&#8221; locked=&#8221;off&#8221;][et_pb_column type=&#8221;4_4&#8243; _builder_version=&#8221;4.2.2&#8243;][et_pb_text module_class=&#8221;title-separator&#8221; _builder_version=&#8221;4.3.2&#8243; text_orientation=&#8221;center&#8221;]\n<h4>Jetez un \u0153il \u00e0 l&#8217;h\u00f4tel<\/h4>\n[\/et_pb_text][et_pb_divider color=&#8221;#20213c&#8221; divider_position=&#8221;center&#8221; _builder_version=&#8221;4.3.2&#8243; width=&#8221;30px&#8221; module_alignment=&#8221;center&#8221;][\/et_pb_divider][et_pb_text _builder_version=&#8221;4.3.2&#8243; text_orientation=&#8221;center&#8221; module_alignment=&#8221;center&#8221;]Lorem ipsum dolor sit amet, consectetur adipiscing elit. Aliquam non lectus id leo vehicula varius. Nunc eleifend mattis felis at porttitor.[\/et_pb_text][\/et_pb_column][\/et_pb_row][\/et_pb_section][et_pb_section fb_built=&#8221;1&#8243; _builder_version=&#8221;4.3.2&#8243; use_background_color_gradient=&#8221;on&#8221; background_color_gradient_start=&#8221;#ffffff&#8221; background_color_gradient_end=&#8221;#f5f5f5&#8243; background_color_gradient_start_position=&#8221;40px&#8221; background_color_gradient_end_position=&#8221;40px&#8221; custom_padding=&#8221;0px||||false|false&#8221;][et_pb_row use_custom_gutter=&#8221;on&#8221; gutter_width=&#8221;1&#8243; _builder_version=&#8221;4.3.2&#8243; max_width=&#8221;1300px&#8221; custom_padding=&#8221;0px||||false|false&#8221;][et_pb_column type=&#8221;4_4&#8243; _builder_version=&#8221;4.3.2&#8243;][et_pb_gallery gallery_ids=&#8221;224,1942,222,221,220,1869,1878,1887,1906,1936,1915,219,1921,2189,1939,1890,218,1933,1909,1897,1918,1930,1875,84,1903,2185,1912,1894,2179,83,82,81,2045,2030,2042,1924,2039,1945,1881,2036,1927,1988,2182,2033,1900,2027,2021,2018,2012,2009,2006,2003,2000,1997,1994,1991,1985,1982,1979,2176&#8243; posts_number=&#8221;99&#8243; show_title_and_caption=&#8221;off&#8221; show_pagination=&#8221;off&#8221; module_class=&#8221;gallery&#8221; _builder_version=&#8221;4.3.2&#8243; hover_enabled=&#8221;0&#8243;][\/et_pb_gallery][\/et_pb_column][\/et_pb_row][\/et_pb_section]\n","protected":false},"excerpt":{"rendered":"<p>Jetez un \u0153il \u00e0 l&#8217;h\u00f4telLorem ipsum dolor sit amet, consectetur adipiscing elit. Aliquam non lectus id leo vehicula varius. Nunc eleifend mattis felis at porttitor.<\/p>\n","protected":false},"author":1,"featured_media":0,"parent":0,"menu_order":0,"comment_status":"closed","ping_status":"closed","template":"","meta":{"_et_pb_use_builder":"on","_et_pb_old_content":"","_et_gb_content_width":"","footnotes":""},"_links":{"self":[{"href":"https:\/\/hotelartemisia.com\/fr\/wp-json\/wp\/v2\/pages\/2428"}],"collection":[{"href":"https:\/\/hotelartemisia.com\/fr\/wp-json\/wp\/v2\/pages"}],"about":[{"href":"https:\/\/hotelartemisia.com\/fr\/wp-json\/wp\/v2\/types\/page"}],"author":[{"embeddable":true,"href":"https:\/\/hotelartemisia.com\/fr\/wp-json\/wp\/v2\/users\/1"}],"replies":[{"embeddable":true,"href":"https:\/\/hotelartemisia.com\/fr\/wp-json\/wp\/v2\/comments?post=2428"}],"version-history":[{"count":0,"href":"https:\/\/hotelartemisia.com\/fr\/wp-json\/wp\/v2\/pages\/2428\/revisions"}],"wp:attachment":[{"href":"https:\/\/hotelartemisia.com\/fr\/wp-json\/wp\/v2\/media?parent=2428"}],"curies":[{"name":"wp","href":"https:\/\/api.w.org\/{rel}","templated":true}]}}