{"id":2422,"date":"2020-12-29T19:17:44","date_gmt":"2020-12-29T19:17:44","guid":{"rendered":"https:\/\/hotelartemisia.com\/artemisia\/"},"modified":"2021-08-18T10:44:48","modified_gmt":"2021-08-18T10:44:48","slug":"artemisia","status":"publish","type":"page","link":"https:\/\/hotelartemisia.com\/fr\/","title":{"rendered":"Artemisia"},"content":{"rendered":"[et_pb_section fb_built=&#8221;1&#8243; fullwidth=&#8221;on&#8221; _builder_version=&#8221;4.3.2&#8243; custom_margin=&#8221;||||false|false&#8221; custom_padding=&#8221;||||false|false&#8221; global_colors_info=&#8221;{}&#8221;][et_pb_fullwidth_header title=&#8221;Hotel Artemisia&#8221; text_orientation=&#8221;center&#8221; header_fullscreen=&#8221;on&#8221; header_scroll_down=&#8221;on&#8221; scroll_down_icon=&#8221;%%0%%&#8221; scroll_down_icon_size=&#8221;26px&#8221; button_one_text=&#8221;Avantages de la reservation en direct&#8221; button_one_url=&#8221;#beneficios-reserva&#8221; background_overlay_color=&#8221;rgba(0,0,0,0.3)&#8221; module_class=&#8221;home-feat&#8221; _builder_version=&#8221;4.7.7&#8243; title_font_size=&#8221;58px&#8221; subhead_font=&#8221;|||on|||||&#8221; subhead_font_size=&#8221;16px&#8221; subhead_letter_spacing=&#8221;3px&#8221; background_enable_color=&#8221;off&#8221; background_image=&#8221;https:\/\/hotelartemisia.com\/wp-content\/uploads\/2020\/12\/home-feat-image-3.jpg&#8221; custom_button_one=&#8221;on&#8221; button_one_text_size=&#8221;16px&#8221; button_one_bg_color=&#8221;rgba(255,255,255,0)&#8221; button_one_border_color=&#8221;rgba(255,255,255,0)&#8221; button_one_on_hover=&#8221;off&#8221; animation_style=&#8221;fade&#8221; scroll_fade=&#8221;0|75|75|100|100%|100|0%&#8221; title_font_size_tablet=&#8221;46px&#8221; title_font_size_phone=&#8221;36px&#8221; title_font_size_last_edited=&#8221;on|phone&#8221; button_one_text_size_tablet=&#8221;13px&#8221; button_one_text_size_phone=&#8221;12px&#8221; button_one_text_size_last_edited=&#8221;on|phone&#8221; button_one_bg_color_tablet=&#8221;&#8221; button_one_bg_color_phone=&#8221;&#8221; button_one_bg_color_last_edited=&#8221;on|desktop&#8221; button_one_bg_enable_color_tablet=&#8221;off&#8221; button_one_border_width_tablet=&#8221;0px&#8221; button_one_border_width_phone=&#8221;&#8221; button_one_border_width_last_edited=&#8221;on|desktop&#8221; border_width_all_image=&#8221;10px&#8221; border_color_all_image=&#8221;rgba(255,255,255,0.2)&#8221; global_colors_info=&#8221;{}&#8221;][\/et_pb_fullwidth_header][\/et_pb_section][et_pb_section fb_built=&#8221;1&#8243; module_class=&#8221;booking-form-wrapper&#8221; _builder_version=&#8221;4.7.7&#8243; _module_preset=&#8221;default&#8221; background_color=&#8221;#ba9c4a&#8221; custom_padding=&#8221;0px||0px||true|false&#8221; global_colors_info=&#8221;{}&#8221;][et_pb_row _builder_version=&#8221;4.7.7&#8243; _module_preset=&#8221;default&#8221; custom_padding=&#8221;0px||0px||true|false&#8221; global_colors_info=&#8221;{}&#8221;][et_pb_column type=&#8221;4_4&#8243; _builder_version=&#8221;4.7.7&#8243; _module_preset=&#8221;default&#8221; global_colors_info=&#8221;{}&#8221;][et_pb_text _builder_version=&#8221;4.7.7&#8243; _module_preset=&#8221;default&#8221; text_orientation=&#8221;center&#8221; custom_margin=&#8221;10px||5px||false|false&#8221; global_colors_info=&#8221;{}&#8221;]\n<form class=\"booking-form\" id=\"AVP\" method=\"post\" action=\"https:\/\/www.secure-hotel-booking.com\/Hotel-Artemisia\/JJRI\/search?hotelId=24012\" target=\"_blank\"><input type=\"hidden\" id=\"language\" name=\"language\" value=\"es\" \/><\/p>\n<div><input type=\"hidden\" id=\"AVP_arrivalDate\" name=\"arrivalDate\" value=\"\" \/><\/div>\n<div><input type=\"hidden\" id=\"AVP_nights\" name=\"nights\" value=\"\" \/><\/div>\n<div><input type=\"hidden\" id=\"_ga\" name=\"_ga\" value=\"\" \/><\/div>\n<div><input type=\"hidden\" id=\"guestCountSelector\" name=\"guestCountSelector\" value=\"ReadOnly\" \/><\/div>\n<div><input type=\"hidden\" id=\"crossSell\" name=\"crossSell\" value=\"false\" \/><\/div>\n<div class=\"input-group\">De<select id=\"AVP_list_days\" onchange=\"updateDDay();\"><\/select><select id=\"AVP_list_months\" onchange=\"setDays();\"><\/select><\/div>\n<div class=\"input-group\">\u00e0<select id=\"AVP_list_ddays\"><\/select><select id=\"AVP_list_dmonths\" onchange=\"setDDays();\"><\/select><\/div>\n<div class=\"input-group\">Adultes<select id=\"selectedAdultCount\" name=\"selectedAdultCount\"><\/select><\/div>\n<div class=\"input-group\">Enfants<select id=\"selectedChildCount\" name=\"selectedChildCount\"><\/select><\/div>\n<div class=\"book-button-wrapper\"><input type=\"button\" value=\"Reserver\" onclick=\"validate();\" \/><\/div>\n<\/form>\n[\/et_pb_text][\/et_pb_column][\/et_pb_row][\/et_pb_section][et_pb_section fb_built=&#8221;1&#8243; _builder_version=&#8221;4.3.2&#8243; background_color=&#8221;#ffffff&#8221; global_colors_info=&#8221;{}&#8221;][et_pb_row _builder_version=&#8221;4.3.2&#8243; max_width=&#8221;800px&#8221; global_colors_info=&#8221;{}&#8221;][et_pb_column type=&#8221;4_4&#8243; _builder_version=&#8221;4.2.2&#8243; global_colors_info=&#8221;{}&#8221;][et_pb_text module_class=&#8221;title-separator&#8221; _builder_version=&#8221;4.3.2&#8243; text_font=&#8221;|600||on|||||&#8221; text_letter_spacing=&#8221;3px&#8221; text_orientation=&#8221;center&#8221; custom_margin=&#8221;||10px||false|false&#8221; global_colors_info=&#8221;{}&#8221;]\n<p>L&#8217;h\u00f4tel<\/p>\n[\/et_pb_text][et_pb_text module_class=&#8221;title-separator&#8221; _builder_version=&#8221;4.3.2&#8243; text_orientation=&#8221;center&#8221; global_colors_info=&#8221;{}&#8221;]\n<h2>D\u00e9di\u00e9 \u00e0 l\u2019art de vivre et \u00e0 la culture<\/h2>\n[\/et_pb_text][et_pb_divider color=&#8221;#20213c&#8221; divider_position=&#8221;center&#8221; _builder_version=&#8221;4.3.2&#8243; width=&#8221;30px&#8221; module_alignment=&#8221;center&#8221; global_colors_info=&#8221;{}&#8221;][\/et_pb_divider][et_pb_text _builder_version=&#8221;4.9.11&#8243; text_orientation=&#8221;center&#8221; module_alignment=&#8221;center&#8221; hover_enabled=&#8221;0&#8243; global_colors_info=&#8221;{}&#8221; sticky_enabled=&#8221;0&#8243;]\n<p>L\u2019h\u00f4tel Artemisia est d\u00e9di\u00e9 \u00e0 l\u2019art et \u00e0 la culture, c\u2019est un lieu vivant et cr\u00e9atif qui v\u00e9hicule notre passion pour les exp\u00e9riences et paysages hors du commun qu\u2019offrent l\u2019\u00eele de Minorque.<\/p>\n<p>Nous nous engageons \u00e0 fournir les solutions les plus respectueuses possibles de l\u2019environnement dans notre fa\u00e7on d\u2019accueillir les clients car nous pr\u00f4nons un retour aux valeurs essentielles dans notre art de vivre et de recevoir.<\/p>\n<p>L\u2019h\u00f4tel Artemisia est situ\u00e9 au c\u0153ur de la vieille ville de Ciutadella, \u00e0 quelques m\u00e8tres de la Cath\u00e9drale et du port. Le b\u00e2timent datant du 16\u00e8me si\u00e8cle \u00e9tait une petite maison de ma\u00eetre faite de Mares (la pierre typique de Minorque). Il a \u00e9t\u00e9 int\u00e9gralement restaur\u00e9 dans un style moderne et chaleureux tout en conservant les \u00e9l\u00e9ments architecturaux d\u2019origine afin de lui donner un esprit de maison de famille.<\/p>\n[\/et_pb_text][\/et_pb_column][\/et_pb_row][\/et_pb_section][et_pb_section fb_built=&#8221;1&#8243; disabled_on=&#8221;on|on|on&#8221; _builder_version=&#8221;4.2.2&#8243; custom_padding=&#8221;0px||0px||false|false&#8221; disabled=&#8221;on&#8221; global_colors_info=&#8221;{}&#8221;][et_pb_row column_structure=&#8221;1_2,1_2&#8243; use_custom_gutter=&#8221;on&#8221; gutter_width=&#8221;1&#8243; make_equal=&#8221;on&#8221; module_class=&#8221;promos-home&#8221; _builder_version=&#8221;4.3.2&#8243; width=&#8221;100%&#8221; max_width=&#8221;100%&#8221; min_height=&#8221;700px&#8221; custom_padding=&#8221;0px||0px||false|false&#8221; border_width_all=&#8221;5px&#8221; border_color_all=&#8221;#ffffff&#8221; global_colors_info=&#8221;{}&#8221;][et_pb_column type=&#8221;1_2&#8243; _builder_version=&#8221;4.3.2&#8243; background_image=&#8221;https:\/\/hotelartemisia.com\/wp-content\/uploads\/2020\/02\/60c4efa412a4159d189c7b02f3fd5eb49faf9505.jpeg&#8221; custom_padding=&#8221;400px|60px|60px|60px|false|true&#8221; hover_transition_speed_curve=&#8221;ease-out&#8221; scroll_vertical_motion=&#8221;0|40|60|100|4|0|-4&#8243; scroll_horizontal_motion=&#8221;0|50|100|100|-2|0|4&#8243; scroll_fade=&#8221;0|30|70|100|0|100|0%&#8221; scroll_blur=&#8221;0|40|60|100|200px|0px|200px&#8221; border_width_all=&#8221;5px&#8221; border_color_all=&#8221;#ffffff&#8221; global_colors_info=&#8221;{}&#8221;][et_pb_cta title=&#8221;Su t\u00edtulo va aqu\u00ed&#8221; button_url=&#8221;\/&#8221; button_text=&#8221;Clics&#8221; _builder_version=&#8221;4.3.2&#8243; background_enable_color=&#8221;off&#8221; custom_button=&#8221;on&#8221; button_text_color=&#8221;#ba9c4a&#8221; button_icon_color=&#8221;#ba9c4a&#8221; button_on_hover=&#8221;off&#8221; text_orientation=&#8221;left&#8221; width=&#8221;60%&#8221; custom_padding=&#8221;0px|0px|0px|0px|true|true&#8221; global_colors_info=&#8221;{}&#8221;]\n<p>Your content goes here. Edit or remove this text inline or in the module Content settings. You can also style every aspect of this content in the module Design settings and even apply custom CSS to this text in the module Advanced settings.<\/p>\n[\/et_pb_cta][\/et_pb_column][et_pb_column type=&#8221;1_2&#8243; _builder_version=&#8221;4.3.2&#8243; background_image=&#8221;https:\/\/hotelartemisia.com\/wp-content\/uploads\/2020\/02\/185f2d80a99e5d0890039f36903fd0211e13d5d7.jpeg&#8221; custom_padding=&#8221;400px|60px|60px|60px|false|true&#8221; hover_transition_speed_curve=&#8221;ease-out&#8221; scroll_vertical_motion=&#8221;0|40|60|100|-4|0|4&#8243; scroll_horizontal_motion=&#8221;0|50|100|100|2|0|-4&#8243; scroll_fade=&#8221;0|30|70|100|0|100|0%&#8221; scroll_blur=&#8221;0|40|60|100|200px|0px|200px&#8221; border_width_all=&#8221;5px&#8221; border_color_all=&#8221;#ffffff&#8221; global_colors_info=&#8221;{}&#8221;][et_pb_cta title=&#8221;Su t\u00edtulo va aqu\u00ed&#8221; button_url=&#8221;\/&#8221; button_text=&#8221;Clics&#8221; _builder_version=&#8221;4.2.2&#8243; background_enable_color=&#8221;off&#8221; custom_button=&#8221;on&#8221; button_text_color=&#8221;#ba9c4a&#8221; button_icon_color=&#8221;#ba9c4a&#8221; button_on_hover=&#8221;off&#8221; text_orientation=&#8221;left&#8221; width=&#8221;60%&#8221; custom_padding=&#8221;0px|0px|0px|0px|true|true&#8221; global_colors_info=&#8221;{}&#8221;]\n<p>Your content goes here. Edit or remove this text inline or in the module Content settings. You can also style every aspect of this content in the module Design settings and even apply custom CSS to this text in the module Advanced settings.<\/p>\n[\/et_pb_cta][\/et_pb_column][\/et_pb_row][\/et_pb_section][et_pb_section fb_built=&#8221;1&#8243; _builder_version=&#8221;4.3.2&#8243; custom_padding=&#8221;0px||0px||false|false&#8221; global_colors_info=&#8221;{}&#8221;][et_pb_row column_structure=&#8221;1_2,1_2&#8243; use_custom_gutter=&#8221;on&#8221; gutter_width=&#8221;1&#8243; make_equal=&#8221;on&#8221; _builder_version=&#8221;4.3.2&#8243; width=&#8221;100%&#8221; max_width=&#8221;100%&#8221; custom_padding=&#8221;0px||0px||false|false&#8221; border_width_all=&#8221;5px&#8221; border_color_all=&#8221;#ffffff&#8221; global_colors_info=&#8221;{}&#8221;][et_pb_column type=&#8221;1_2&#8243; _builder_version=&#8221;4.3.2&#8243; background_enable_image=&#8221;off&#8221; custom_padding=&#8221;||||false|false&#8221; hover_transition_speed_curve=&#8221;ease-out&#8221; scroll_vertical_motion=&#8221;0|40|60|100|4|0|-4&#8243; scroll_horizontal_motion=&#8221;0|50|100|100|-2|0|4&#8243; scroll_fade=&#8221;0|30|70|100|0|100|0%&#8221; scroll_blur=&#8221;0|40|60|100|200px|0px|200px&#8221; border_width_all=&#8221;5px&#8221; border_color_all=&#8221;#ffffff&#8221; global_colors_info=&#8221;{}&#8221;][et_pb_image src=&#8221;https:\/\/hotelartemisia.com\/wp-content\/uploads\/2021\/01\/home-11-1.jpg&#8221; _builder_version=&#8221;4.9.4&#8243; global_colors_info=&#8221;{}&#8221;][\/et_pb_image][\/et_pb_column][et_pb_column type=&#8221;1_2&#8243; _builder_version=&#8221;4.3.2&#8243; background_enable_image=&#8221;off&#8221; custom_padding=&#8221;||||false|false&#8221; hover_transition_speed_curve=&#8221;ease-out&#8221; scroll_vertical_motion=&#8221;0|40|60|100|-4|0|4&#8243; scroll_horizontal_motion=&#8221;0|50|100|100|2|0|-4&#8243; scroll_fade=&#8221;0|30|70|100|0|100|0%&#8221; scroll_blur=&#8221;0|40|60|100|200px|0px|200px&#8221; border_width_all=&#8221;5px&#8221; border_color_all=&#8221;#ffffff&#8221; global_colors_info=&#8221;{}&#8221;][et_pb_image src=&#8221;https:\/\/hotelartemisia.com\/wp-content\/uploads\/2021\/01\/home-10-1.jpg&#8221; _builder_version=&#8221;4.9.4&#8243; global_colors_info=&#8221;{}&#8221;][\/et_pb_image][\/et_pb_column][\/et_pb_row][\/et_pb_section][et_pb_section fb_built=&#8221;1&#8243; _builder_version=&#8221;4.3.2&#8243; background_image=&#8221;https:\/\/hotelartemisia.com\/wp-content\/uploads\/2020\/12\/home-corp-image.jpg&#8221; parallax=&#8221;on&#8221; parallax_method=&#8221;off&#8221; height=&#8221;800px&#8221; scroll_fade=&#8221;0|50|50|100|100%|100|0%&#8221; scroll_blur=&#8221;0|50|50|100|0px|0px|60px&#8221; global_colors_info=&#8221;{}&#8221;][\/et_pb_section][et_pb_section fb_built=&#8221;1&#8243; disabled_on=&#8221;on|on|on&#8221; _builder_version=&#8221;4.3.2&#8243; disabled=&#8221;on&#8221; global_colors_info=&#8221;{}&#8221;][et_pb_row _builder_version=&#8221;4.3.2&#8243; global_colors_info=&#8221;{}&#8221;][et_pb_column type=&#8221;4_4&#8243; _builder_version=&#8221;4.3.2&#8243; global_colors_info=&#8221;{}&#8221;][et_pb_text module_class=&#8221;title-separator&#8221; _builder_version=&#8221;4.3.2&#8243; text_orientation=&#8221;center&#8221; locked=&#8221;off&#8221; global_colors_info=&#8221;{}&#8221;]\n<h4>Nos avis<\/h4>\n[\/et_pb_text][et_pb_divider color=&#8221;#20213c&#8221; divider_position=&#8221;center&#8221; _builder_version=&#8221;4.3.2&#8243; width=&#8221;30px&#8221; module_alignment=&#8221;center&#8221; locked=&#8221;off&#8221; global_colors_info=&#8221;{}&#8221;][\/et_pb_divider][\/et_pb_column][\/et_pb_row][et_pb_row column_structure=&#8221;1_4,3_4&#8243; use_custom_gutter=&#8221;on&#8221; gutter_width=&#8221;4&#8243; _builder_version=&#8221;4.3.2&#8243; custom_padding=&#8221;||50px||false|false&#8221; global_colors_info=&#8221;{}&#8221;][et_pb_column type=&#8221;1_4&#8243; _builder_version=&#8221;4.3.2&#8243; global_colors_info=&#8221;{}&#8221;][et_pb_image src=&#8221;https:\/\/hotelartemisia.com\/wp-content\/uploads\/2020\/02\/tripadvisor-logo.png&#8221; _builder_version=&#8221;4.3.2&#8243; width=&#8221;190px&#8221; custom_margin=&#8221;||20px||false|false&#8221; filter_saturate=&#8221;0%&#8221; filter_brightness=&#8221;152%&#8221; global_colors_info=&#8221;{}&#8221;][\/et_pb_image][et_pb_image src=&#8221;https:\/\/hotelartemisia.com\/wp-content\/uploads\/2020\/03\/testimonial-review-booking.png&#8221; _builder_version=&#8221;4.3.2&#8243; width=&#8221;140px&#8221; global_colors_info=&#8221;{}&#8221;][\/et_pb_image][\/et_pb_column][et_pb_column type=&#8221;3_4&#8243; _builder_version=&#8221;4.3.2&#8243; global_colors_info=&#8221;{}&#8221;][et_pb_testimonial author=&#8221;John Doe&#8221; job_title=&#8221;Ejemplo de cargo&#8221; company_name=&#8221;Empresa&#8221; quote_icon=&#8221;off&#8221; quote_icon_background_color=&#8221;rgba(255,255,255,0)&#8221; _builder_version=&#8221;4.3.2&#8243; background_color=&#8221;rgba(255,255,255,0)&#8221; custom_padding=&#8221;0px|0px|0px|0px|false|false&#8221; global_colors_info=&#8221;{}&#8221;]\n<p>Your content goes here. Edit or remove this text inline or in the module Content settings. You can also style every aspect of this content in the module Design settings and even apply custom CSS to this.<\/p>\n[\/et_pb_testimonial][\/et_pb_column][\/et_pb_row][et_pb_row column_structure=&#8221;1_4,3_4&#8243; use_custom_gutter=&#8221;on&#8221; gutter_width=&#8221;4&#8243; _builder_version=&#8221;4.3.2&#8243; custom_padding=&#8221;50px||||false|false&#8221; global_colors_info=&#8221;{}&#8221;][et_pb_column type=&#8221;1_4&#8243; _builder_version=&#8221;4.3.2&#8243; global_colors_info=&#8221;{}&#8221;][et_pb_image src=&#8221;https:\/\/hotelartemisia.com\/wp-content\/uploads\/2020\/02\/booking-logo.png&#8221; _builder_version=&#8221;4.3.2&#8243; width=&#8221;190px&#8221; custom_margin=&#8221;||20px||false|false&#8221; filter_saturate=&#8221;0%&#8221; filter_brightness=&#8221;0%&#8221; global_colors_info=&#8221;{}&#8221;][\/et_pb_image][et_pb_image src=&#8221;https:\/\/hotelartemisia.com\/wp-content\/uploads\/2020\/03\/testimonial-review-tripadvisor.png&#8221; _builder_version=&#8221;4.3.2&#8243; width=&#8221;140px&#8221; global_colors_info=&#8221;{}&#8221;][\/et_pb_image][\/et_pb_column][et_pb_column type=&#8221;3_4&#8243; _builder_version=&#8221;4.3.2&#8243; global_colors_info=&#8221;{}&#8221;][et_pb_testimonial author=&#8221;John Doe&#8221; job_title=&#8221;Ejemplo de cargo&#8221; company_name=&#8221;Empresa&#8221; quote_icon=&#8221;off&#8221; quote_icon_background_color=&#8221;rgba(255,255,255,0)&#8221; _builder_version=&#8221;4.3.2&#8243; background_color=&#8221;rgba(255,255,255,0)&#8221; custom_padding=&#8221;0px|0px|0px|0px|false|false&#8221; global_colors_info=&#8221;{}&#8221;]\n<p>Your content goes here. Edit or remove this text inline or in the module Content settings. You can also style every aspect of this content in the module Design settings and even apply custom CSS to this text in the module Advanced settings.<\/p>\n[\/et_pb_testimonial][\/et_pb_column][\/et_pb_row][\/et_pb_section]\n","protected":false},"excerpt":{"rendered":"<p>De \u00e0 Adultes Enfants L&#8217;h\u00f4telD\u00e9di\u00e9 \u00e0 l\u2019art de vivre et \u00e0 la cultureL\u2019h\u00f4tel Artemisia est d\u00e9di\u00e9 \u00e0 l\u2019art et \u00e0 la culture, c\u2019est un lieu vivant et cr\u00e9atif qui v\u00e9hicule notre passion pour les exp\u00e9riences et paysages hors du commun qu\u2019offrent l\u2019\u00eele de Minorque. Nous nous engageons \u00e0 fournir les solutions les plus respectueuses possibles [&hellip;]<\/p>\n","protected":false},"author":1,"featured_media":0,"parent":0,"menu_order":0,"comment_status":"closed","ping_status":"closed","template":"","meta":{"_et_pb_use_builder":"on","_et_pb_old_content":"","_et_gb_content_width":"","footnotes":""},"_links":{"self":[{"href":"https:\/\/hotelartemisia.com\/fr\/wp-json\/wp\/v2\/pages\/2422"}],"collection":[{"href":"https:\/\/hotelartemisia.com\/fr\/wp-json\/wp\/v2\/pages"}],"about":[{"href":"https:\/\/hotelartemisia.com\/fr\/wp-json\/wp\/v2\/types\/page"}],"author":[{"embeddable":true,"href":"https:\/\/hotelartemisia.com\/fr\/wp-json\/wp\/v2\/users\/1"}],"replies":[{"embeddable":true,"href":"https:\/\/hotelartemisia.com\/fr\/wp-json\/wp\/v2\/comments?post=2422"}],"version-history":[{"count":0,"href":"https:\/\/hotelartemisia.com\/fr\/wp-json\/wp\/v2\/pages\/2422\/revisions"}],"wp:attachment":[{"href":"https:\/\/hotelartemisia.com\/fr\/wp-json\/wp\/v2\/media?parent=2422"}],"curies":[{"name":"wp","href":"https:\/\/api.w.org\/{rel}","templated":true}]}}